{"id":10,"date":"2023-04-14T21:49:36","date_gmt":"2023-04-14T19:49:36","guid":{"rendered":"http:\/\/viecc.at\/?page_id=10"},"modified":"2023-09-01T21:43:20","modified_gmt":"2023-09-01T19:43:20","slug":"ueber-uns","status":"publish","type":"page","link":"http:\/\/viecc.at\/zh\/ueber-uns\/","title":{"rendered":"\u5173\u4e8e\u6211\u4eec"},"content":{"rendered":"<div data-elementor-type=\"wp-page\" data-elementor-id=\"10\" class=\"elementor elementor-10\">\n\t\t\t\t\t\t<section class=\"elementor-section elementor-top-section elementor-element elementor-element-148fa110 envato-kit-141-top-0 elementor-section-boxed elementor-section-height-default elementor-section-height-default\" data-id=\"148fa110\" data-element_type=\"section\" data-e-type=\"section\" data-settings=\"{&quot;background_background&quot;:&quot;classic&quot;}\">\n\t\t\t\t\t\t\t<div class=\"elementor-background-overlay\"><\/div>\n\t\t\t\t\t\t\t<div class=\"elementor-container elementor-column-gap-wider\">\n\t\t\t\t\t<div class=\"elementor-column elementor-col-50 elementor-top-column elementor-element elementor-element-5c58347c\" data-id=\"5c58347c\" data-element_type=\"column\" data-e-type=\"column\" data-settings=\"{&quot;animation&quot;:&quot;none&quot;}\">\n\t\t\t<div class=\"elementor-widget-wrap elementor-element-populated\">\n\t\t\t\t\t\t<section class=\"elementor-section elementor-inner-section elementor-element elementor-element-30349878 elementor-section-boxed elementor-section-height-default elementor-section-height-default\" data-id=\"30349878\" data-element_type=\"section\" data-e-type=\"section\" data-settings=\"{&quot;animation&quot;:&quot;none&quot;,&quot;animation_delay&quot;:0}\">\n\t\t\t\t\t\t<div class=\"elementor-container elementor-column-gap-no\">\n\t\t\t\t\t<div class=\"elementor-column elementor-col-100 elementor-inner-column elementor-element elementor-element-9fb4f90\" data-id=\"9fb4f90\" data-element_type=\"column\" data-e-type=\"column\">\n\t\t\t<div class=\"elementor-widget-wrap elementor-element-populated\">\n\t\t\t\t\t\t<div class=\"elementor-element elementor-element-218531c3 elementor-widget elementor-widget-heading\" data-id=\"218531c3\" data-element_type=\"widget\" data-e-type=\"widget\" data-settings=\"{&quot;_animation&quot;:&quot;none&quot;}\" data-widget_type=\"heading.default\">\n\t\t\t\t<div class=\"elementor-widget-container\">\n\t\t\t\t\t<h2 class=\"elementor-heading-title elementor-size-default\">\u6211\u4eec\u7684\u89c4\u5212<\/h2>\t\t\t\t<\/div>\n\t\t\t\t<\/div>\n\t\t\t\t<div class=\"elementor-element elementor-element-61da23dc elementor-widget elementor-widget-text-editor\" data-id=\"61da23dc\" data-element_type=\"widget\" data-e-type=\"widget\" data-settings=\"{&quot;_animation&quot;:&quot;none&quot;}\" data-widget_type=\"text-editor.default\">\n\t\t\t\t<div class=\"elementor-widget-container\">\n\t\t\t\t\t\t\t\t\t<ul><li>\u6210\u4e3a\u4e2d\u897f\u6587\u5316\u4ea4\u6d41\u7684\u6865\u6881<\/li><li>\u63a8\u52a8\u4e0e\u4fc3\u8fdb\u5965\u5730\u5229\u4e0e\u4e2d\u56fd\u4e4b\u95f4\u7684\u97f3\u4e50\u4e0e\u6587\u5316\u4ea4\u6d41<\/li><li>\u5728\u4e2d\u56fd\u5206\u4eab\u4e0e\u4f20\u64ad\u5fb7\u5965\u53e4\u5178\u97f3\u4e50\u4e0e\u4e16\u754c\u7235\u58eb\u97f3\u4e50<\/li><li>\u5728\u5965\u5730\u5229\u5f18\u626c\u4e2d\u56fd\u4f20\u7edf\u6587\u5316<\/li><\/ul>\t\t\t\t\t\t\t\t<\/div>\n\t\t\t\t<\/div>\n\t\t\t\t\t<\/div>\n\t\t<\/div>\n\t\t\t\t\t<\/div>\n\t\t<\/section>\n\t\t\t\t<section class=\"elementor-section elementor-inner-section elementor-element elementor-element-294495c elementor-section-boxed elementor-section-height-default elementor-section-height-default\" data-id=\"294495c\" data-element_type=\"section\" data-e-type=\"section\" data-settings=\"{&quot;animation&quot;:&quot;none&quot;,&quot;animation_delay&quot;:0}\">\n\t\t\t\t\t\t<div class=\"elementor-container elementor-column-gap-no\">\n\t\t\t\t\t<div class=\"elementor-column elementor-col-100 elementor-inner-column elementor-element elementor-element-34a12ec\" data-id=\"34a12ec\" data-element_type=\"column\" data-e-type=\"column\">\n\t\t\t<div class=\"elementor-widget-wrap elementor-element-populated\">\n\t\t\t\t\t\t<div class=\"elementor-element elementor-element-954489e elementor-widget elementor-widget-heading\" data-id=\"954489e\" data-element_type=\"widget\" data-e-type=\"widget\" data-settings=\"{&quot;_animation&quot;:&quot;none&quot;}\" data-widget_type=\"heading.default\">\n\t\t\t\t<div class=\"elementor-widget-container\">\n\t\t\t\t\t<h2 class=\"elementor-heading-title elementor-size-default\">\u6211\u4eec\u7684\u670d\u52a1\u8303\u7574<\/h2>\t\t\t\t<\/div>\n\t\t\t\t<\/div>\n\t\t\t\t<div class=\"elementor-element elementor-element-4b119c0 elementor-widget elementor-widget-text-editor\" data-id=\"4b119c0\" data-element_type=\"widget\" data-e-type=\"widget\" data-settings=\"{&quot;_animation&quot;:&quot;none&quot;}\" data-widget_type=\"text-editor.default\">\n\t\t\t\t<div class=\"elementor-widget-container\">\n\t\t\t\t\t\t\t\t\t<ul><li>\u5927\u5e08\u73ed\uff0c\u5de5\u4f5c\u574a\u4e0e\u56fd\u9645\u4ea4\u6d41\u97f3\u4e50\u4f1a\u7684\u7b56\u5212\u4e0e\u4e3e\u529e \uff08\u5408\u5531\u6307\u6325\uff0c\u7235\u58eb\u94a2\u7434\u4e3a\u4e3b\u8981\u8303\u7574\uff09<\/li><li>\u5965\u5730\u5229\uff08\u97f3\u4e50\u5927\u5b66\uff09\u7559\u5b66\u54a8\u8be2<\/li><li>\u5965\u5730\u5229\u4e0e\u4e2d\u56fd\u7684\u5408\u5531\u97f3\u4e50\u7684\u6539\u7f16\u4e0e\u5408\u5531\u6392\u7ec3<\/li><li>\u4e3a\u5965\u5730\u5229\u4e0e\u4e2d\u56fd\u7684\u5408\u5531\u56e2\u7b56\u5212\u56fd\u9645\u4ea4\u6d41\u97f3\u4e50\u4e4b\u65c5 <\/li><li>\u4e00\u5bf9\u4e00\u53cc\u8bed\u6559\u5b66\uff1a\u94a2\u7434\u4e0e\u58f0\u4e50\n\uff08\u53e4\u5178\uff0c\u6d41\u884c\uff0c\u7235\u58eb\uff0c\u5373\u5174\uff0c\u7535\u5f71\u97f3\u4e50\uff09<\/li><li>\u97f3\u4e50\u7406\u8bba\u8bfe\u7a0b\u5c0f\u7ec4\u8bfe\u7684\u53cc\u8bed\u6559\u5b66\uff08\u89c6\u5531\u7ec3\u8033\uff0c\u4e50\u7406\uff0c\u548c\u58f0\u4e0e\u66f2\u5f0f\u5206\u6790\uff09<\/li><\/ul><p>\u00a0<\/p>\t\t\t\t\t\t\t\t<\/div>\n\t\t\t\t<\/div>\n\t\t\t\t\t<\/div>\n\t\t<\/div>\n\t\t\t\t\t<\/div>\n\t\t<\/section>\n\t\t\t\t\t<\/div>\n\t\t<\/div>\n\t\t\t\t<div class=\"elementor-column elementor-col-50 elementor-top-column elementor-element elementor-element-15610193\" data-id=\"15610193\" data-element_type=\"column\" data-e-type=\"column\">\n\t\t\t<div class=\"elementor-widget-wrap elementor-element-populated\">\n\t\t\t\t\t\t<div class=\"elementor-element elementor-element-771c0306 elementor-widget elementor-widget-image\" data-id=\"771c0306\" data-element_type=\"widget\" data-e-type=\"widget\" data-settings=\"{&quot;_animation&quot;:&quot;none&quot;,&quot;_animation_delay&quot;:0}\" data-widget_type=\"image.default\">\n\t\t\t\t<div class=\"elementor-widget-container\">\n\t\t\t\t\t\t\t\t\t\t\t\t\t\t\t<img decoding=\"async\" src=\"http:\/\/viecc.at\/wp-content\/uploads\/elementor\/thumbs\/DSC_5192-scaled-qbl64y3znf4cp35ib57liul0er3wqo14dmyycq9236.jpg\" title=\"\u5173\u4e8e\u6211\u4eec\" alt=\"\u00dcber uns\" loading=\"lazy\" \/>\t\t\t\t\t\t\t\t\t\t\t\t\t\t\t<\/div>\n\t\t\t\t<\/div>\n\t\t\t\t<div class=\"elementor-element elementor-element-1affd3e elementor-widget elementor-widget-image\" data-id=\"1affd3e\" data-element_type=\"widget\" data-e-type=\"widget\" data-settings=\"{&quot;_animation&quot;:&quot;none&quot;,&quot;_animation_delay&quot;:0}\" data-widget_type=\"image.default\">\n\t\t\t\t<div class=\"elementor-widget-container\">\n\t\t\t\t\t\t\t\t\t\t\t\t\t\t\t<img decoding=\"async\" src=\"http:\/\/viecc.at\/wp-content\/uploads\/elementor\/thumbs\/IMG_7768-scaled-qbd7d568q6m0ur1y2mgdu0x0r3tnbn8ubjx8hpgi4y.jpeg\" title=\"Aufw\u00e4rm\u00fcbungen mit Qin Huang-Zimmermann\" alt=\"Aufw\u00e4rm\u00fcbungen mit Qin Huang-Zimmermann\" loading=\"lazy\" \/>\t\t\t\t\t\t\t\t\t\t\t\t\t\t\t<\/div>\n\t\t\t\t<\/div>\n\t\t\t\t\t<\/div>\n\t\t<\/div>\n\t\t\t\t\t<\/div>\n\t\t<\/section>\n\t\t\t\t<\/div>","protected":false},"excerpt":{"rendered":"<p>Unsere Vision Br\u00fccken zwischen der westlichen Welt und China bauen Kulturaustausch \u00fcber die Musik zwischen \u00d6sterreich und China (Schwerpunkt Wien und Guangzhou) f\u00f6rdern Klassische Musik und Jazz in China umfassend vermitteln Chinesische Musikkultur in \u00d6sterreich aufbauen Unsere Leistungen Meisterkurse, Workshops und Austauschkonzerte in China und \u00d6sterreich organisieren und leiten (Schwerpunkt Chorleitung und Jazzklavier) Beratung f\u00fcr [&hellip;]<\/p>\n","protected":false},"author":1,"featured_media":0,"parent":0,"menu_order":0,"comment_status":"closed","ping_status":"closed","template":"","meta":{"footnotes":""},"class_list":["post-10","page","type-page","status-publish","hentry","entry"],"_links":{"self":[{"href":"http:\/\/viecc.at\/zh\/wp-json\/wp\/v2\/pages\/10","targetHints":{"allow":["GET"]}}],"collection":[{"href":"http:\/\/viecc.at\/zh\/wp-json\/wp\/v2\/pages"}],"about":[{"href":"http:\/\/viecc.at\/zh\/wp-json\/wp\/v2\/types\/page"}],"author":[{"embeddable":true,"href":"http:\/\/viecc.at\/zh\/wp-json\/wp\/v2\/users\/1"}],"replies":[{"embeddable":true,"href":"http:\/\/viecc.at\/zh\/wp-json\/wp\/v2\/comments?post=10"}],"version-history":[{"count":91,"href":"http:\/\/viecc.at\/zh\/wp-json\/wp\/v2\/pages\/10\/revisions"}],"predecessor-version":[{"id":936,"href":"http:\/\/viecc.at\/zh\/wp-json\/wp\/v2\/pages\/10\/revisions\/936"}],"wp:attachment":[{"href":"http:\/\/viecc.at\/zh\/wp-json\/wp\/v2\/media?parent=10"}],"curies":[{"name":"wp","href":"https:\/\/api.w.org\/{rel}","templated":true}]}}